{"id":745,"date":"2017-10-06T17:24:45","date_gmt":"2017-10-06T15:24:45","guid":{"rendered":"http:\/\/rienzbraeu.bz.it.copernicus.sui-inter.net\/?page_id=745"},"modified":"2021-12-08T22:07:28","modified_gmt":"2021-12-08T21:07:28","slug":"imprint-privacy","status":"publish","type":"page","link":"http:\/\/rienzbraeu.bz.it\/it\/imprint-privacy\/","title":{"rendered":"Imprint &#038; Privacy"},"content":{"rendered":"\n<p><\/p>\n\n\n\n<style type=\"text\/css\" data-created_by=\"avia_inline_auto\" id=\"style-css-av-av_section-1037a678bf194f5fe9c900e8a2247239\">\n.avia-section.av-av_section-1037a678bf194f5fe9c900e8a2247239{\nbackground-repeat:no-repeat;\nbackground-image:url(http:\/\/rienzbraeu.bz.it\/wp-content\/uploads\/rienzbraeu_home_terrasse.jpg);\nbackground-position:50% 50%;\nbackground-attachment:scroll;\n}\n.avia-section.av-av_section-1037a678bf194f5fe9c900e8a2247239 .av-section-color-overlay{\nopacity:0.1;\nbackground-color:#000000;\n}\n<\/style>\n<div id='av_section_1'  class='avia-section av-av_section-1037a678bf194f5fe9c900e8a2247239 header_color avia-section-default avia-no-border-styling  avia-builder-el-0  el_before_av_section  avia-builder-el-first  avia-full-stretch avia-bg-style-scroll av-section-color-overlay-active  container_wrap fullsize'  data-section-bg-repeat='stretch'><div class='av-section-color-overlay-wrap'><div class=\"av-section-color-overlay\"><\/div><div class='container av-section-cont-open' ><main  role=\"main\" itemprop=\"mainContentOfPage\"  class='template-page content  av-content-full alpha units'><div class='post-entry post-entry-type-page post-entry-745'><div class='entry-content-wrapper clearfix'>\n<\/div><\/div><\/main><!-- close content main element --><\/div><\/div><\/div><div id='av_section_2'  class='avia-section av-av_section-9387b0470ac2267f96cdc81359029f99 main_color avia-section-large avia-shadow  avia-builder-el-1  el_after_av_section  el_before_av_section  avia-bg-style-scroll  container_wrap fullsize'  ><div class='container av-section-cont-open' ><div class='template-page content  av-content-full alpha units'><div class='post-entry post-entry-type-page post-entry-745'><div class='entry-content-wrapper clearfix'>\n\n<style type=\"text\/css\" data-created_by=\"avia_inline_auto\" id=\"style-css-av-av_one_fifth-6126cab7d8fab8d08143dd2dacdf673c\">\n.flex_column.av-av_one_fifth-6126cab7d8fab8d08143dd2dacdf673c{\nborder-radius:0px 0px 0px 0px;\n-webkit-border-radius:0px 0px 0px 0px;\n-moz-border-radius:0px 0px 0px 0px;\n}\n<\/style>\n<div class='flex_column av-av_one_fifth-6126cab7d8fab8d08143dd2dacdf673c av_one_fifth  avia-builder-el-2  el_before_av_two_fifth  avia-builder-el-first  first flex_column_div av-zero-column-padding '   ><\/div>\n<style type=\"text\/css\" data-created_by=\"avia_inline_auto\" id=\"style-css-av-av_two_fifth-0aa7055fe62c3622faec82866afbaeb2\">\n.flex_column.av-av_two_fifth-0aa7055fe62c3622faec82866afbaeb2{\nborder-radius:0px 0px 0px 0px;\n-webkit-border-radius:0px 0px 0px 0px;\n-moz-border-radius:0px 0px 0px 0px;\n}\n<\/style>\n<div class='flex_column av-av_two_fifth-0aa7055fe62c3622faec82866afbaeb2 av_two_fifth  avia-builder-el-3  el_after_av_one_fifth  el_before_av_two_fifth  flex_column_div av-zero-column-padding '   ><section  class='av_textblock_section av-av_textblock-396ddf1f42196ca838231e61a4602801 '  itemscope=\"itemscope\" itemtype=\"https:\/\/schema.org\/CreativeWork\" ><div class='avia_textblock '  itemprop=\"text\" ><h3><strong>Proprietario<\/strong><\/h3>\n<p>Rienzbr\u00e4u &#8211; Brauhaus S.r.l.<br \/>\nVia Stegona 8<br \/>\n39031 Brunico<br \/>\nBZ Italia<\/p>\n<p>Tel.: +39 0474 531307<br \/>\nE-Mail: info[a]rienzbraeu.bz.it<br \/>\nPEC: rienzbrau[a]pec.it<br \/>\nPart.IVA:\u00a0IT 02893300216<br \/>\nNr. REA: BZ 214338<\/p>\n<p>Responsabile contenuti: Denisa Pichler<br \/>\nImmagini: Rienzbr\u00e4u<\/p>\n<\/div><\/section><\/div>\n<style type=\"text\/css\" data-created_by=\"avia_inline_auto\" id=\"style-css-av-av_two_fifth-0aa7055fe62c3622faec82866afbaeb2\">\n.flex_column.av-av_two_fifth-0aa7055fe62c3622faec82866afbaeb2{\nborder-radius:0px 0px 0px 0px;\n-webkit-border-radius:0px 0px 0px 0px;\n-moz-border-radius:0px 0px 0px 0px;\n}\n<\/style>\n<div class='flex_column av-av_two_fifth-0aa7055fe62c3622faec82866afbaeb2 av_two_fifth  avia-builder-el-5  el_after_av_two_fifth  avia-builder-el-last  flex_column_div av-zero-column-padding '   ><p>\n<style type=\"text\/css\" data-created_by=\"avia_inline_auto\" id=\"style-css-av-av_hr-fbebcb4fe7f7f93a621d8b6783460008\">\n#top .hr.hr-invisible.av-av_hr-fbebcb4fe7f7f93a621d8b6783460008{\nheight:30px;\n}\n<\/style>\n<div  class='hr av-av_hr-fbebcb4fe7f7f93a621d8b6783460008 hr-invisible  avia-builder-el-6  el_before_av_textblock  avia-builder-el-first  '><span class='hr-inner '><span class=\"hr-inner-style\"><\/span><\/span><\/div><br \/>\n<section  class='av_textblock_section av-av_textblock-396ddf1f42196ca838231e61a4602801 '  itemscope=\"itemscope\" itemtype=\"https:\/\/schema.org\/CreativeWork\" ><div class='avia_textblock '  itemprop=\"text\" ><h3>Screendesign &#038; Realizzazione<\/h3>\n<p><strong>ewidenz<\/strong> | wir heben hervor<br \/>\n<a href=\"http:\/\/www.ewidenz.com\" target=\"_blank\" rel=\"noopener\">www.ewidenz.com<\/a><\/p>\n<\/div><\/section><\/p><\/div><\/div><\/div><\/div><!-- close content main div --><\/div><\/div>\n<style type=\"text\/css\" data-created_by=\"avia_inline_auto\" id=\"style-css-av-av_section-96775afe7b251ea905447851a6cff193\">\n.avia-section.av-av_section-96775afe7b251ea905447851a6cff193{\nbackground-color:#f9f9f9;\n}\n<\/style>\n<div id='privacy'  class='avia-section av-av_section-96775afe7b251ea905447851a6cff193 main_color avia-section-large avia-no-border-styling  avia-builder-el-8  el_after_av_section  el_before_av_section  avia-bg-style-scroll  container_wrap fullsize'  ><div class='container av-section-cont-open' ><div class='template-page content  av-content-full alpha units'><div class='post-entry post-entry-type-page post-entry-745'><div class='entry-content-wrapper clearfix'>\n\n<style type=\"text\/css\" data-created_by=\"avia_inline_auto\" id=\"style-css-av-av_one_full-6126cab7d8fab8d08143dd2dacdf673c\">\n.flex_column.av-av_one_full-6126cab7d8fab8d08143dd2dacdf673c{\nborder-radius:0px 0px 0px 0px;\n-webkit-border-radius:0px 0px 0px 0px;\n-moz-border-radius:0px 0px 0px 0px;\n}\n<\/style>\n<div class='flex_column av-av_one_full-6126cab7d8fab8d08143dd2dacdf673c av_one_full  avia-builder-el-9  avia-builder-el-no-sibling  first flex_column_div av-zero-column-padding '   ><section  class='av_textblock_section av-av_textblock-396ddf1f42196ca838231e61a4602801 '  itemscope=\"itemscope\" itemtype=\"https:\/\/schema.org\/CreativeWork\" ><div class='avia_textblock '  itemprop=\"text\" ><h3><strong>Privacy<\/strong><\/h3>\n<p><b>Informativa resa ai sensi del Dlgs n. 196 del 30.06.2003 \u201eCodice della privacy\u201c<\/b><br \/>\nAi sensi dell\u2019art. 13, Dlgs 30 giugno 2003 n. 196 informiamo che trattiamo dati personali di clienti e di fornitori e di soggetti che comunicano volontariamente (telefonicamente o via fax o via eMail o tramite registrazione sul nostro sito web) i loro dati anagrafici alla nostra azienda, e di soggetti i cui dati sono stati raccolti presso terzi in occasione, ad esempio, di operazione di acquisizione di dati esterni per informazioni commerciali, elenchi pubblici ecc., nell\u2019ultimo caso trattasi esclusivamente di dati personali di natura comune.<\/p>\n<p>La nostra azienda garantisce nell\u2019ambito delle previsioni normative che il trattamento dei dati personali si svolge nel rispetto dei diritti e delle libert\u00e0 fondamentali, nonch\u00e9 della dignit\u00e0 dell\u2019interessato, con particolare riferimento alla riservatezza, all\u2019identit\u00e0 personale e al diritto alla protezione dei dati personali.<\/p>\n<p><b>Finalit\u00e0 del trattamento<\/b><br \/>\n&#8211; adempiere agli obblighi di legge, dai regolamenti, dalla normativa comunitaria, da norme civilistiche e fiscali<br \/>\n&#8211; adempiere agli eventuali obblighi contrattuali nei confronti del interessato<br \/>\n&#8211; adempiere ad attivit\u00e0 connesse all\u2019attivit\u00e0 economica della nostra societ\u00e0, come compilazione delle anagrafiche e statistiche interne, per la fatturazione, la tenuta della contabilit\u00e0 clienti-fornitori<br \/>\n&#8211; finalit\u00e0 di tipo commerciale, come invio di informazioni commerciali e materiale pubblicitario (via posta, fax ed e-mail), di marketing e ricerche di mercato<\/p>\n<p><b>Ambito di comunicazione e diffusione<\/b><br \/>\nIn relazione alle finalit\u00e0 di cui sopra i Suoi dati personali verranno comunicati se necessario:<br \/>\n&#8211; alle Pubbliche Amministrazioni ed Autorit\u00e0, ove previsto dalla legge<br \/>\n&#8211; a tutte quelle persone fisiche e\/o giuridiche, pubbliche e\/o private (studi di consulenza legale, amministrativa e fiscale, uffici giudiziari, Camere di Commercio ecc.), quando la comunicazione risulti necessaria o funzionale allo svolgimento della nostra attivit\u00e0<br \/>\n&#8211; a fornitori\/produttori al fine di registrare i prodotti.<br \/>\n&#8211; i dati personali trattati dalla nostra societ\u00e0 non sono soggetti a diffusione.<\/p>\n<p><b>Modalit\u00e0 di trattamento<\/b><br \/>\nIl trattamento potr\u00e0 effettuarsi con o senza l\u2019ausilio di mezzi elettronici e comunque automatizzati e comprender\u00e0 tutte le operazioni previste all\u2019art. 4 comma 1, lettera a, Dlgs. 30 giugno 2003 n. 196 e necessarie al trattamento in questione. Comunque il trattamento sar\u00e0 effettuato nell\u2019osservanza di ogni misura cautelativa, che ne garantisca la sicurezza e la riservatezza.<\/p>\n<p><b>Dati di navigazione Internet<\/b><br \/>\nI sistemi informatici e le procedure software preposte al funzionamento del sito web www.rienzbraeu.bz.it acquisiscono, nel corso del loro normale esercizio, alcuni dati personali, la cui trasmissione \u00e8 implicita nell&#8217;uso dei protocolli di comunicazione di Internet.<br \/>\nSi tratta di informazioni che non sono raccolte per essere associate a interessati identificati, ma che per loro stessa natura potrebbero, attraverso elaborazioni ed associazioni con dati detenuti da terzi, permettere di identificare gli utenti. In questa categoria di dati rientrano gli indirizzi IP o i nomi di dominio dei computer utilizzati dagli utenti che si connettono al sito, gli indirizzi in notazione URI (Uniform Resource Identifier) delle risorse richieste, l&#8217;orario della richiesta ed altri parametri relativi al sistema operativo e all\u2019ambiente informatico dell&#8217;utente.<br \/>\nQuesti dati vengono utilizzati al solo fine di ricavare informazioni statistiche anonime sull&#8217;uso del sito e per controllarne il corretto funzionamento. I dati in questione potrebbero essere utilizzati per l&#8217;accertamento di responsabilit\u00e0 in caso di eventuali reati informatici ai danni del nostro sito.<\/p>\n<p><b>Diritti dell\u2019interessato<\/b><br \/>\nIl Codice della Privacy conferisce agli interessati l\u2019esercizio di specifici diritti di cui all\u2019art. 7. In particolare pu\u00f2 ottenere dal titolare la conferma dell\u2019esistenza o meno di propri dati personali che lo riguardano e la loro comunicazione in forma intelligibile. L\u2019interessato pu\u00f2 altres\u00ec chiedere di conoscere l\u2019origine dei dati, le finalit\u00e0 e modalit\u00e0 del trattamento nonch\u00e9 la logica applicata in caso trattamento effettuato con l\u2019ausilio di strumenti elettronici, l\u2019identificazione degli estremi identificativi del titolare, dei responsabili nominati e dei soggetti e categorie di soggetti ai quali i dati possono essere comunicati o che possono venire a conoscenza.<br \/>\nL\u2019interessato ha il diritto di ottenere l\u2019aggiornamento, la rettificazione e l\u2019integrazione, ovvero la cancellazione, la trasformazione in via anonima o il blocco dei dati trattati in violazione di legge. L\u2019interessato ha diritto di opporsi, in tutto o in parte, per motivi legittimi, al trattamento dei dati personali che lo riguardano, e senza motivo al trattamento dei dati che lo riguardano a fini di invio di materiale pubblicitario o di vendita diretta o per il compimento di ricerche di mercato o di comunicazione commerciale.<br \/>\nI diritti in oggetto possono essere esercitati, anche per il tramite di un incaricato, mediante richiesta rivolta al responsabile del trattamento nominato \u2013 Brauhaus S.r.l., Via Stegona 8, 39031 Brunico BZ | Alto Adige, t +39 0474 531307 &#8211; con lettera raccomandata o E-Mail all\u2019indirizzo info[a]rienzbraeu.bz.it.<\/p>\n<p><b>Dichiarazione liberatoria<\/b><br \/>\nRienzbr\u00e4u si adopera per garantire la massima correttezza delle informazioni contenute nel sito. Ci\u00f2 nonostante, non si assume alcuna responsabilit\u00e0 per attualit\u00e0, correttezza e completezza delle informazioni fornite. Inoltre non \u00e8 responsabile per il contenuto dei siti esterni linkati a questo sito.<\/p>\n<p><b>Titolare del trattamento<\/b><br \/>\nBrauhaus S.r.l.<br \/>\nVia Stegona 8<br \/>\n39031 Brunico BZ<br \/>\nAlto Adige | Italia<br \/>\nt +39\u00a00474 531307<\/p>\n<\/div><\/section><\/div>\n<\/p>\n<\/div><\/div><\/div><!-- close content main div --><\/div><\/div><div id='cookie'  class='avia-section av-av_section-7334db3ea25ca79d7c65984f5ac537a1 main_color avia-section-large avia-no-border-styling  avia-builder-el-11  el_after_av_section  avia-builder-el-last  avia-bg-style-scroll  container_wrap fullsize'  ><div class='container av-section-cont-open' ><div class='template-page content  av-content-full alpha units'><div class='post-entry post-entry-type-page post-entry-745'><div class='entry-content-wrapper clearfix'>\n\n<style type=\"text\/css\" data-created_by=\"avia_inline_auto\" id=\"style-css-av-av_one_full-6126cab7d8fab8d08143dd2dacdf673c\">\n.flex_column.av-av_one_full-6126cab7d8fab8d08143dd2dacdf673c{\nborder-radius:0px 0px 0px 0px;\n-webkit-border-radius:0px 0px 0px 0px;\n-moz-border-radius:0px 0px 0px 0px;\n}\n<\/style>\n<div class='flex_column av-av_one_full-6126cab7d8fab8d08143dd2dacdf673c av_one_full  avia-builder-el-12  avia-builder-el-no-sibling  first flex_column_div av-zero-column-padding '   ><section  class='av_textblock_section av-av_textblock-396ddf1f42196ca838231e61a4602801 '  itemscope=\"itemscope\" itemtype=\"https:\/\/schema.org\/CreativeWork\" ><div class='avia_textblock '  itemprop=\"text\" ><h3>Politica dei Cookie<\/h3>\n<p><strong>Che cosa sono i Cookie?<\/strong><br \/>\nUn cookie \u00e8 un file di testo che viene inviato al Suo browser dal sito web che visitate. Memorizza le informazioni sulla Sua ultima visita, come ad esempio la lingua preferita o altre impostazioni. I cookie sono principalmente divisi in due gruppi:<\/p>\n<p><strong>Cookies tecnici<\/strong><br \/>\nIncludono dati per consentire all&#8217;utente il funzionamento del sito ed i servizi richiesti, come per esempio le funzioni di navigazione o di registrazione. Senza questi cookies parti del sito non funzionano correttamente.<\/p>\n<p><strong>Cookies di profilazione<\/strong><br \/>\nVengono utilizzati per registrare la navigazione degli utenti su Internet e creare un profilo di interessi, abitudini e le loro scelte. Questi cookie possono essere utilizzati per visualizzare messaggi pubblicitari o prodotti che potrebbero interessarti.<\/p>\n<p><strong>Come vengono utilizzati i cookie?<\/strong><br \/>\nUtilizziamo i cookie per garantire al visitatore la migliore esperienza di utilizzo. Inoltre vengono utilizzati i servizi di terze parti per determinare il modo di navigazione attraverso il nostro sito ed i contenuti di interesse. Questi servizi memorizzano cookie sul Suo dispositivo.<\/p>\n<p><strong>Come \u00e8 possibile impedire che i cookie vengano salvati?<\/strong><br \/>\n\u00c8 possibile disattivare o cancellare i cookie usando le impostazioni del browser. La disabilitazione dei cookie pu\u00f2 causare che alcuni siti web non funzionano come lo desiderate.<\/p>\n<p>In forza di tale distinzione, l\u2019utente potr\u00e0 procedere alla disabilitazione o cancellazione dei cookie (\u201copt-out\u201d) mediante le relative impostazioni del proprio browser e alla disabilitazione o cancellazione dei singoli cookie non \u201ctecnici\u201d somministrati dalle terze parti accedendo al sito web gestito da European Interactive Digital Advertising Alliance (EDAA) all\u2019indirizzo <a href=\"http:\/\/www.youronlinechoices.eu\" target=\"_blank\" rel=\"noopener\">www.youronlinechoices.eu<\/a>.<\/p>\n<\/div><\/section><\/div>\n\n","protected":false},"excerpt":{"rendered":"","protected":false},"author":4,"featured_media":0,"parent":0,"menu_order":3,"comment_status":"closed","ping_status":"closed","template":"","meta":[],"yoast_head":"<!-- This site is optimized with the Yoast SEO plugin v19.6 - https:\/\/yoast.com\/wordpress\/plugins\/seo\/ -->\n<title>Imprint &amp; Privacy - Rienzbr\u00e4u<\/title>\n<meta name=\"description\" content=\"Rienzbr\u00e4u, Via Stegona 8, 39031 Brunico BZ - Italia | Tel.: +39 0474 531307\" \/>\n<meta name=\"robots\" content=\"noindex, follow\" \/>\n<meta property=\"og:locale\" content=\"it_IT\" \/>\n<meta property=\"og:type\" content=\"article\" \/>\n<meta property=\"og:title\" content=\"Imprint &amp; Privacy - Rienzbr\u00e4u\" \/>\n<meta property=\"og:description\" content=\"Rienzbr\u00e4u, Via Stegona 8, 39031 Brunico BZ - Italia | Tel.: +39 0474 531307\" \/>\n<meta property=\"og:url\" content=\"http:\/\/rienzbraeu.bz.it\/it\/imprint-privacy\/\" \/>\n<meta property=\"og:site_name\" content=\"Rienzbr\u00e4u\" \/>\n<meta property=\"article:publisher\" content=\"https:\/\/facebook.com\/rienzbraeubruneck\" \/>\n<meta property=\"article:modified_time\" content=\"2021-12-08T21:07:28+00:00\" \/>\n<meta name=\"twitter:card\" content=\"summary\" \/>\n<meta name=\"twitter:label1\" content=\"Tempo di lettura stimato\" \/>\n\t<meta name=\"twitter:data1\" content=\"6 minuti\" \/>\n<script type=\"application\/ld+json\" class=\"yoast-schema-graph\">{\"@context\":\"https:\/\/schema.org\",\"@graph\":[{\"@type\":\"WebPage\",\"@id\":\"http:\/\/rienzbraeu.bz.it\/it\/imprint-privacy\/\",\"url\":\"http:\/\/rienzbraeu.bz.it\/it\/imprint-privacy\/\",\"name\":\"Imprint & Privacy - Rienzbr\u00e4u\",\"isPartOf\":{\"@id\":\"http:\/\/rienzbraeu.bz.it\/#website\"},\"datePublished\":\"2017-10-06T15:24:45+00:00\",\"dateModified\":\"2021-12-08T21:07:28+00:00\",\"description\":\"Rienzbr\u00e4u, Via Stegona 8, 39031 Brunico BZ - Italia | Tel.: +39 0474 531307\",\"breadcrumb\":{\"@id\":\"http:\/\/rienzbraeu.bz.it\/it\/imprint-privacy\/#breadcrumb\"},\"inLanguage\":\"it-IT\",\"potentialAction\":[{\"@type\":\"ReadAction\",\"target\":[\"http:\/\/rienzbraeu.bz.it\/it\/imprint-privacy\/\"]}]},{\"@type\":\"BreadcrumbList\",\"@id\":\"http:\/\/rienzbraeu.bz.it\/it\/imprint-privacy\/#breadcrumb\",\"itemListElement\":[{\"@type\":\"ListItem\",\"position\":1,\"name\":\"Startseite\",\"item\":\"http:\/\/rienzbraeu.bz.it\/it\/\"},{\"@type\":\"ListItem\",\"position\":2,\"name\":\"Imprint &#038; Privacy\"}]},{\"@type\":\"WebSite\",\"@id\":\"http:\/\/rienzbraeu.bz.it\/#website\",\"url\":\"http:\/\/rienzbraeu.bz.it\/\",\"name\":\"Rienzbr\u00e4u\",\"description\":\"\",\"potentialAction\":[{\"@type\":\"SearchAction\",\"target\":{\"@type\":\"EntryPoint\",\"urlTemplate\":\"http:\/\/rienzbraeu.bz.it\/?s={search_term_string}\"},\"query-input\":\"required name=search_term_string\"}],\"inLanguage\":\"it-IT\"}]}<\/script>\n<!-- \/ Yoast SEO plugin. -->","yoast_head_json":{"title":"Imprint & Privacy - Rienzbr\u00e4u","description":"Rienzbr\u00e4u, Via Stegona 8, 39031 Brunico BZ - Italia | Tel.: +39 0474 531307","robots":{"index":"noindex","follow":"follow"},"og_locale":"it_IT","og_type":"article","og_title":"Imprint & Privacy - Rienzbr\u00e4u","og_description":"Rienzbr\u00e4u, Via Stegona 8, 39031 Brunico BZ - Italia | Tel.: +39 0474 531307","og_url":"http:\/\/rienzbraeu.bz.it\/it\/imprint-privacy\/","og_site_name":"Rienzbr\u00e4u","article_publisher":"https:\/\/facebook.com\/rienzbraeubruneck","article_modified_time":"2021-12-08T21:07:28+00:00","twitter_card":"summary","twitter_misc":{"Tempo di lettura stimato":"6 minuti"},"schema":{"@context":"https:\/\/schema.org","@graph":[{"@type":"WebPage","@id":"http:\/\/rienzbraeu.bz.it\/it\/imprint-privacy\/","url":"http:\/\/rienzbraeu.bz.it\/it\/imprint-privacy\/","name":"Imprint & Privacy - Rienzbr\u00e4u","isPartOf":{"@id":"http:\/\/rienzbraeu.bz.it\/#website"},"datePublished":"2017-10-06T15:24:45+00:00","dateModified":"2021-12-08T21:07:28+00:00","description":"Rienzbr\u00e4u, Via Stegona 8, 39031 Brunico BZ - Italia | Tel.: +39 0474 531307","breadcrumb":{"@id":"http:\/\/rienzbraeu.bz.it\/it\/imprint-privacy\/#breadcrumb"},"inLanguage":"it-IT","potentialAction":[{"@type":"ReadAction","target":["http:\/\/rienzbraeu.bz.it\/it\/imprint-privacy\/"]}]},{"@type":"BreadcrumbList","@id":"http:\/\/rienzbraeu.bz.it\/it\/imprint-privacy\/#breadcrumb","itemListElement":[{"@type":"ListItem","position":1,"name":"Startseite","item":"http:\/\/rienzbraeu.bz.it\/it\/"},{"@type":"ListItem","position":2,"name":"Imprint &#038; Privacy"}]},{"@type":"WebSite","@id":"http:\/\/rienzbraeu.bz.it\/#website","url":"http:\/\/rienzbraeu.bz.it\/","name":"Rienzbr\u00e4u","description":"","potentialAction":[{"@type":"SearchAction","target":{"@type":"EntryPoint","urlTemplate":"http:\/\/rienzbraeu.bz.it\/?s={search_term_string}"},"query-input":"required name=search_term_string"}],"inLanguage":"it-IT"}]}},"_links":{"self":[{"href":"http:\/\/rienzbraeu.bz.it\/it\/wp-json\/wp\/v2\/pages\/745"}],"collection":[{"href":"http:\/\/rienzbraeu.bz.it\/it\/wp-json\/wp\/v2\/pages"}],"about":[{"href":"http:\/\/rienzbraeu.bz.it\/it\/wp-json\/wp\/v2\/types\/page"}],"author":[{"embeddable":true,"href":"http:\/\/rienzbraeu.bz.it\/it\/wp-json\/wp\/v2\/users\/4"}],"replies":[{"embeddable":true,"href":"http:\/\/rienzbraeu.bz.it\/it\/wp-json\/wp\/v2\/comments?post=745"}],"version-history":[{"count":0,"href":"http:\/\/rienzbraeu.bz.it\/it\/wp-json\/wp\/v2\/pages\/745\/revisions"}],"wp:attachment":[{"href":"http:\/\/rienzbraeu.bz.it\/it\/wp-json\/wp\/v2\/media?parent=745"}],"curies":[{"name":"wp","href":"https:\/\/api.w.org\/{rel}","templated":true}]}}